{"id":5208,"date":"2025-05-02T18:32:47","date_gmt":"2025-05-02T18:32:47","guid":{"rendered":"https:\/\/www.aspro.com\/?page_id=5208"},"modified":"2025-07-19T20:49:49","modified_gmt":"2025-07-19T20:49:49","slug":"cookie-policy","status":"publish","type":"page","link":"https:\/\/www.aspro.com\/en\/cookie-policy\/","title":{"rendered":"Cookie Policy"},"content":{"rendered":"<p>[et_pb_section fb_built=&#8221;1&#8243; _builder_version=&#8221;4.27.4&#8243; _module_preset=&#8221;default&#8221; global_colors_info=&#8221;{}&#8221;][et_pb_row _builder_version=&#8221;4.27.4&#8243; _module_preset=&#8221;default&#8221; global_colors_info=&#8221;{}&#8221;][et_pb_column type=&#8221;4_4&#8243; _builder_version=&#8221;4.27.4&#8243; _module_preset=&#8221;default&#8221; global_colors_info=&#8221;{}&#8221;][et_pb_heading title=&#8221;Politica de Cookies&#8221; _builder_version=&#8221;4.27.4&#8243; _module_preset=&#8221;default&#8221; title_text_align=&#8221;center&#8221; global_colors_info=&#8221;{}&#8221;][\/et_pb_heading][\/et_pb_column][\/et_pb_row][et_pb_row _builder_version=&#8221;4.27.4&#8243; _module_preset=&#8221;default&#8221; global_colors_info=&#8221;{}&#8221;][et_pb_column type=&#8221;4_4&#8243; _builder_version=&#8221;4.27.4&#8243; _module_preset=&#8221;default&#8221; global_colors_info=&#8221;{}&#8221;][et_pb_text _builder_version=&#8221;4.27.4&#8243; _module_preset=&#8221;default&#8221; hover_enabled=&#8221;0&#8243; global_colors_info=&#8221;{}&#8221; sticky_enabled=&#8221;0&#8243;]<\/p>\n<p data-start=\"464\" data-end=\"506\" class=\"\"><strong data-start=\"464\" data-end=\"506\">\u00ed para Pres\u00daltima actualizaci\u00f3n: 01\/05\/2025<\/strong><\/p>\n<p data-start=\"508\" data-end=\"759\" class=\"\">En <strong data-start=\"511\" data-end=\"524\">aspro.com<\/strong>, utilizamos cookies y tecnolog\u00edas similares para mejorar la experiencia del usuario, analizar el tr\u00e1fico del sitio y personalizar el contenido. Esta pol\u00edtica explica qu\u00e9 son las cookies, c\u00f3mo las utilizamos y c\u00f3mo puedes gestionarlas.<\/p>\n<h3 data-start=\"761\" data-end=\"786\" class=\"\">\u00bfQu\u00e9 son las cookies?<\/h3>\n<p data-start=\"788\" data-end=\"1025\" class=\"\">Las cookies son peque\u00f1os archivos de texto que se almacenan en tu dispositivo cuando visitas un sitio web. Permiten que el sitio recuerde tus acciones y preferencias durante un per\u00edodo de tiempo, facilitando una navegaci\u00f3n m\u00e1s eficiente.<\/p>\n<h3 data-start=\"1027\" data-end=\"1064\" class=\"\">\u00bfQu\u00e9 tipos de cookies utilizamos?<\/h3>\n<p data-start=\"1066\" data-end=\"1341\" class=\"\"><strong data-start=\"1066\" data-end=\"1105\">1. Cookies estrictamente necesarias<\/strong><br data-start=\"1105\" data-end=\"1108\" \/>Estas cookies son esenciales para el funcionamiento del sitio web y no pueden desactivarse en nuestros sistemas. Se utilizan, por ejemplo, para recordar tus preferencias de privacidad o para iniciar sesi\u00f3n en \u00e1reas seguras del sitio.<\/p>\n<p data-start=\"1343\" data-end=\"1570\" class=\"\"><strong data-start=\"1343\" data-end=\"1372\">2. Cookies de rendimiento<\/strong><br data-start=\"1372\" data-end=\"1375\" \/>Estas cookies recopilan informaci\u00f3n sobre c\u00f3mo los visitantes utilizan el sitio, como las p\u00e1ginas que visitan con m\u00e1s frecuencia. Esta informaci\u00f3n nos ayuda a mejorar el funcionamiento del sitio.<\/p>\n<p data-start=\"1572\" data-end=\"1776\" class=\"\"><strong data-start=\"1572\" data-end=\"1603\">3. Cookies de funcionalidad<\/strong><br data-start=\"1603\" data-end=\"1606\" \/>Estas cookies permiten que el sitio recuerde las elecciones que realizas (como tu nombre de usuario, idioma o regi\u00f3n) y proporcionan funciones mejoradas y m\u00e1s personales.<\/p>\n<p data-start=\"1778\" data-end=\"2032\" class=\"\"><strong data-start=\"1778\" data-end=\"1805\">4. Cookies de marketing<\/strong><br data-start=\"1805\" data-end=\"1808\" \/>Estas cookies se utilizan para mostrar anuncios relevantes para ti y tus intereses. Tambi\u00e9n se utilizan para limitar la cantidad de veces que ves un anuncio y para ayudar a medir la efectividad de las campa\u00f1as publicitarias.<\/p>\n<h3 data-start=\"2034\" data-end=\"2057\" class=\"\">Cookies de terceros<\/h3>\n<p data-start=\"2059\" data-end=\"2308\" class=\"\">Es posible que algunas cookies sean colocadas por servicios de terceros que aparecen en nuestras p\u00e1ginas. Por ejemplo, podemos utilizar servicios de an\u00e1lisis como Google Analytics para ayudarnos a entender c\u00f3mo los usuarios interact\u00faan con el sitio.<\/p>\n<h3 data-start=\"2310\" data-end=\"2349\" class=\"\">\u00bfC\u00f3mo puedes gestionar las cookies?<\/h3>\n<p data-start=\"2351\" data-end=\"2618\" class=\"\">Puedes configurar tu navegador para que rechace todas o algunas cookies, o para que te avise cuando los sitios web establezcan o accedan a cookies. Si desactivas o rechazas las cookies, ten en cuenta que algunas partes de este sitio pueden no funcionar correctamente.<\/p>\n<p data-start=\"2351\" data-end=\"2618\" class=\"\">[cm_options]Presiona aqui para configurar tus cookies en aspro.com[\/cm_options]\u00a0<\/p>\n<p data-start=\"2620\" data-end=\"2741\" class=\"\">A continuaci\u00f3n, se proporcionan enlaces a las p\u00e1ginas de ayuda de los navegadores m\u00e1s comunes para la gesti\u00f3n de cookies:<\/p>\n<ul data-start=\"2743\" data-end=\"3038\">\n<li data-start=\"2743\" data-end=\"2808\" class=\"\">\n<p data-start=\"2745\" data-end=\"2808\" class=\"\"><a data-start=\"2745\" data-end=\"2808\" rel=\"noopener\" target=\"_new\" class=\"cursor-pointer\">Google Chrome<\/a><\/p>\n<\/li>\n<li data-start=\"2809\" data-end=\"2896\" class=\"\">\n<p data-start=\"2811\" data-end=\"2896\" class=\"\"><a data-start=\"2811\" data-end=\"2896\" rel=\"noopener\" target=\"_new\" class=\"\" href=\"https:\/\/support.mozilla.org\/es\/kb\/habilitar-y-deshabilitar-cookies\">Mozilla Firefox<\/a><\/p>\n<\/li>\n<li data-start=\"2897\" data-end=\"2967\" class=\"\">\n<p data-start=\"2899\" data-end=\"2967\" class=\"\"><a data-start=\"2899\" data-end=\"2967\" rel=\"noopener\" target=\"_new\" class=\"\" href=\"https:\/\/support.apple.com\/es-es\/guide\/safari\/sfri11471\/mac\">Safari<\/a><\/p>\n<\/li>\n<li data-start=\"2968\" data-end=\"3038\" class=\"\">\n<p data-start=\"2970\" data-end=\"3038\" class=\"\"><a data-start=\"2970\" data-end=\"3038\" rel=\"noopener\" target=\"_new\" class=\"\" href=\"https:\/\/support.microsoft.com\/es-es\/microsoft-edge\">Microsoft Edge<\/a><\/p>\n<\/li>\n<\/ul>\n<h3 data-start=\"3040\" data-end=\"3068\" class=\"\">Cambios en esta pol\u00edtica<\/h3>\n<p data-start=\"3070\" data-end=\"3326\" class=\"\">Podemos actualizar esta Pol\u00edtica de Cookies ocasionalmente para reflejar cambios en nuestras pr\u00e1cticas o por otras razones operativas, legales o reglamentarias. Te recomendamos revisar esta p\u00e1gina peri\u00f3dicamente para estar informado sobre cualquier cambio.<\/p>\n<h3 data-start=\"3328\" data-end=\"3340\" class=\"\">Contacto<\/h3>\n<p data-start=\"3342\" data-end=\"3434\" class=\"\">Si tienes preguntas o inquietudes sobre nuestra Pol\u00edtica de Cookies, puedes contactarnos en:<\/p>\n<p data-start=\"3436\" data-end=\"3508\" class=\"\"><strong data-start=\"3436\" data-end=\"3459\">Correo electr\u00f3nico:<\/strong> <a data-start=\"3460\" data-end=\"3477\" class=\"cursor-pointer\" rel=\"noopener\">privacy@aspro.com<\/a><br data-start=\"3477\" data-end=\"3480\" \/><strong data-start=\"3480\" data-end=\"3494\">Sitio web:<\/strong> <a data-start=\"3495\" data-end=\"3508\" rel=\"noopener\" target=\"_new\" class=\"\" href=\"http:\/\/www.aspro.com\">www.aspro.com<\/a><\/p>\n<p>[\/et_pb_text][\/et_pb_column][\/et_pb_row][\/et_pb_section]<\/p>\n","protected":false},"excerpt":{"rendered":"<p>\u00ed para Pres\u00daltima actualizaci\u00f3n: 01\/05\/2025 En aspro.com, utilizamos cookies y tecnolog\u00edas similares para mejorar la experiencia del usuario, analizar el tr\u00e1fico del sitio y personalizar el contenido. Esta pol\u00edtica explica qu\u00e9 son las cookies, c\u00f3mo las utilizamos y c\u00f3mo puedes gestionarlas. \u00bfQu\u00e9 son las cookies? Las cookies son peque\u00f1os archivos de texto que se almacenan [&hellip;]<\/p>\n","protected":false},"author":7,"featured_media":0,"parent":0,"menu_order":0,"comment_status":"closed","ping_status":"closed","template":"","meta":{"_acf_changed":false,"_et_pb_use_builder":"on","_et_pb_old_content":"","_et_gb_content_width":"","footnotes":""},"class_list":["post-5208","page","type-page","status-publish","hentry"],"acf":[],"yoast_head":"<!-- This site is optimized with the Yoast SEO Premium plugin v27.5 (Yoast SEO v27.5) - https:\/\/yoast.com\/product\/yoast-seo-premium-wordpress\/ -->\n<title>Cookie Policy - Aspro Energy<\/title>\n<meta name=\"robots\" content=\"index, follow, max-snippet:-1, max-image-preview:large, max-video-preview:-1\" \/>\n<link rel=\"canonical\" href=\"https:\/\/www.aspro.com\/en\/cookie-policy\/\" \/>\n<meta property=\"og:locale\" content=\"en_GB\" \/>\n<meta property=\"og:type\" content=\"article\" \/>\n<meta property=\"og:title\" content=\"Cookie Policy\" \/>\n<meta property=\"og:description\" content=\"\u00ed para Pres\u00daltima actualizaci\u00f3n: 01\/05\/2025 En aspro.com, utilizamos cookies y tecnolog\u00edas similares para mejorar la experiencia del usuario, analizar el tr\u00e1fico del sitio y personalizar el contenido. Esta pol\u00edtica explica qu\u00e9 son las cookies, c\u00f3mo las utilizamos y c\u00f3mo puedes gestionarlas. \u00bfQu\u00e9 son las cookies? Las cookies son peque\u00f1os archivos de texto que se almacenan [&hellip;]\" \/>\n<meta property=\"og:url\" content=\"https:\/\/www.aspro.com\/en\/cookie-policy\/\" \/>\n<meta property=\"og:site_name\" content=\"Aspro Energy\" \/>\n<meta property=\"article:publisher\" content=\"https:\/\/www.facebook.com\/aspro.oficial\" \/>\n<meta property=\"article:modified_time\" content=\"2025-07-19T20:49:49+00:00\" \/>\n<meta name=\"twitter:card\" content=\"summary_large_image\" \/>\n<meta name=\"twitter:site\" content=\"@aspro_oficial\" \/>\n<script type=\"application\/ld+json\" class=\"yoast-schema-graph\">{\"@context\":\"https:\\\/\\\/schema.org\",\"@graph\":[{\"@type\":\"WebPage\",\"@id\":\"https:\\\/\\\/www.aspro.com\\\/cookie-policy\\\/\",\"url\":\"https:\\\/\\\/www.aspro.com\\\/cookie-policy\\\/\",\"name\":\"Cookie Policy - Aspro Energy\",\"isPartOf\":{\"@id\":\"https:\\\/\\\/www.aspro.com\\\/#website\"},\"datePublished\":\"2025-05-02T18:32:47+00:00\",\"dateModified\":\"2025-07-19T20:49:49+00:00\",\"breadcrumb\":{\"@id\":\"https:\\\/\\\/www.aspro.com\\\/cookie-policy\\\/#breadcrumb\"},\"inLanguage\":\"en-GB\",\"potentialAction\":[{\"@type\":\"ReadAction\",\"target\":[\"https:\\\/\\\/www.aspro.com\\\/cookie-policy\\\/\"]}]},{\"@type\":\"BreadcrumbList\",\"@id\":\"https:\\\/\\\/www.aspro.com\\\/cookie-policy\\\/#breadcrumb\",\"itemListElement\":[{\"@type\":\"ListItem\",\"position\":1,\"name\":\"Inicio\",\"item\":\"https:\\\/\\\/www.aspro.com\\\/\"},{\"@type\":\"ListItem\",\"position\":2,\"name\":\"Cookie Policy\"}]},{\"@type\":\"WebSite\",\"@id\":\"https:\\\/\\\/www.aspro.com\\\/#website\",\"url\":\"https:\\\/\\\/www.aspro.com\\\/\",\"name\":\"Aspro Energy\",\"description\":\"Sistemas de Compresi\u00f3n\",\"potentialAction\":[{\"@type\":\"SearchAction\",\"target\":{\"@type\":\"EntryPoint\",\"urlTemplate\":\"https:\\\/\\\/www.aspro.com\\\/?s={search_term_string}\"},\"query-input\":{\"@type\":\"PropertyValueSpecification\",\"valueRequired\":true,\"valueName\":\"search_term_string\"}}],\"inLanguage\":\"en-GB\"}]}<\/script>\n<!-- \/ Yoast SEO Premium plugin. -->","yoast_head_json":{"title":"Cookie Policy - Aspro Energy","robots":{"index":"index","follow":"follow","max-snippet":"max-snippet:-1","max-image-preview":"max-image-preview:large","max-video-preview":"max-video-preview:-1"},"canonical":"https:\/\/www.aspro.com\/en\/cookie-policy\/","og_locale":"en_GB","og_type":"article","og_title":"Cookie Policy","og_description":"\u00ed para Pres\u00daltima actualizaci\u00f3n: 01\/05\/2025 En aspro.com, utilizamos cookies y tecnolog\u00edas similares para mejorar la experiencia del usuario, analizar el tr\u00e1fico del sitio y personalizar el contenido. Esta pol\u00edtica explica qu\u00e9 son las cookies, c\u00f3mo las utilizamos y c\u00f3mo puedes gestionarlas. \u00bfQu\u00e9 son las cookies? Las cookies son peque\u00f1os archivos de texto que se almacenan [&hellip;]","og_url":"https:\/\/www.aspro.com\/en\/cookie-policy\/","og_site_name":"Aspro Energy","article_publisher":"https:\/\/www.facebook.com\/aspro.oficial","article_modified_time":"2025-07-19T20:49:49+00:00","twitter_card":"summary_large_image","twitter_site":"@aspro_oficial","schema":{"@context":"https:\/\/schema.org","@graph":[{"@type":"WebPage","@id":"https:\/\/www.aspro.com\/cookie-policy\/","url":"https:\/\/www.aspro.com\/cookie-policy\/","name":"Cookie Policy - Aspro Energy","isPartOf":{"@id":"https:\/\/www.aspro.com\/#website"},"datePublished":"2025-05-02T18:32:47+00:00","dateModified":"2025-07-19T20:49:49+00:00","breadcrumb":{"@id":"https:\/\/www.aspro.com\/cookie-policy\/#breadcrumb"},"inLanguage":"en-GB","potentialAction":[{"@type":"ReadAction","target":["https:\/\/www.aspro.com\/cookie-policy\/"]}]},{"@type":"BreadcrumbList","@id":"https:\/\/www.aspro.com\/cookie-policy\/#breadcrumb","itemListElement":[{"@type":"ListItem","position":1,"name":"Inicio","item":"https:\/\/www.aspro.com\/"},{"@type":"ListItem","position":2,"name":"Cookie Policy"}]},{"@type":"WebSite","@id":"https:\/\/www.aspro.com\/#website","url":"https:\/\/www.aspro.com\/","name":"Aspro Energy","description":"Compression Systems","potentialAction":[{"@type":"SearchAction","target":{"@type":"EntryPoint","urlTemplate":"https:\/\/www.aspro.com\/?s={search_term_string}"},"query-input":{"@type":"PropertyValueSpecification","valueRequired":true,"valueName":"search_term_string"}}],"inLanguage":"en-GB"}]}},"_links":{"self":[{"href":"https:\/\/www.aspro.com\/en\/wp-json\/wp\/v2\/pages\/5208","targetHints":{"allow":["GET"]}}],"collection":[{"href":"https:\/\/www.aspro.com\/en\/wp-json\/wp\/v2\/pages"}],"about":[{"href":"https:\/\/www.aspro.com\/en\/wp-json\/wp\/v2\/types\/page"}],"author":[{"embeddable":true,"href":"https:\/\/www.aspro.com\/en\/wp-json\/wp\/v2\/users\/7"}],"replies":[{"embeddable":true,"href":"https:\/\/www.aspro.com\/en\/wp-json\/wp\/v2\/comments?post=5208"}],"version-history":[{"count":0,"href":"https:\/\/www.aspro.com\/en\/wp-json\/wp\/v2\/pages\/5208\/revisions"}],"wp:attachment":[{"href":"https:\/\/www.aspro.com\/en\/wp-json\/wp\/v2\/media?parent=5208"}],"curies":[{"name":"wp","href":"https:\/\/api.w.org\/{rel}","templated":true}]}}