{"id":1457,"date":"2021-03-29T21:56:22","date_gmt":"2021-03-29T21:56:22","guid":{"rendered":"https:\/\/asprodev.wpengine.com\/?page_id=1457"},"modified":"2021-05-27T16:47:40","modified_gmt":"2021-05-27T16:47:40","slug":"original-replacement-parts","status":"publish","type":"page","link":"https:\/\/www.aspro.com\/en\/repuestos-originales\/","title":{"rendered":"Original spare parts"},"content":{"rendered":"<p>[et_pb_section fb_built=&#8221;1&#8243; _builder_version=&#8221;4.8.1&#8243; _module_preset=&#8221;default&#8221;][et_pb_row column_structure=&#8221;1_3,1_3,1_3&#8243; _builder_version=&#8221;4.8.1&#8243; _module_preset=&#8221;default&#8221;][et_pb_column type=&#8221;1_3&#8243; _builder_version=&#8221;4.8.1&#8243; _module_preset=&#8221;default&#8221;][et_pb_blurb title=&#8221;calidad&#8221; image=&#8221;https:\/\/asprodev.wpengine.com\/wp-content\/uploads\/2021\/03\/experiencia-aspro.jpg&#8221; _builder_version=&#8221;4.8.1&#8243; _module_preset=&#8221;default&#8221; header_font=&#8221;Helvetica Neue lt std 73 bold extended|900||on|||||&#8221; header_text_align=&#8221;center&#8221; header_text_color=&#8221;#0B2152&#8243; body_font=&#8221;Lato|300|||||||&#8221; body_text_color=&#8221;rgba(0,0,0,0.91)&#8221; body_font_size=&#8221;17px&#8221; border_radii_image=&#8221;on|10px|10px|10px|10px&#8221; box_shadow_style_image=&#8221;preset3&#8243;]<\/p>\n<p>Los repuestos Aspro son fabricados 100% en Argentina y su planta cuenta con una gran capacidad de producci\u00f3n.<\/p>\n<p>[\/et_pb_blurb][\/et_pb_column][et_pb_column type=&#8221;1_3&#8243; _builder_version=&#8221;4.8.1&#8243; _module_preset=&#8221;default&#8221;][et_pb_blurb title=&#8221;Seguridad&#8221; image=&#8221;https:\/\/asprodev.wpengine.com\/wp-content\/uploads\/2021\/03\/iso-aspro.jpg&#8221; _builder_version=&#8221;4.8.1&#8243; _module_preset=&#8221;default&#8221; header_font=&#8221;Helvetica Neue lt std 73 bold extended|900||on|||||&#8221; header_text_align=&#8221;center&#8221; header_text_color=&#8221;#0B2152&#8243; body_font=&#8221;Lato|300|||||||&#8221; body_text_color=&#8221;rgba(0,0,0,0.91)&#8221; body_font_size=&#8221;17px&#8221; border_radii_image=&#8221;on|10px|10px|10px|10px&#8221; box_shadow_style_image=&#8221;preset3&#8243;]Aspro cuenta con la certificaci\u00f3n ISO 9001:2015, garantizando las m\u00e1ximas exigencias de seguridad en la producci\u00f3n de cada repuesto original.[\/et_pb_blurb][\/et_pb_column][et_pb_column type=&#8221;1_3&#8243; _builder_version=&#8221;4.8.1&#8243; _module_preset=&#8221;default&#8221;][et_pb_blurb title=&#8221;Experiencia&#8221; image=&#8221;https:\/\/asprodev.wpengine.com\/wp-content\/uploads\/2021\/03\/experiencia-aspro23.jpg&#8221; _builder_version=&#8221;4.8.1&#8243; _module_preset=&#8221;default&#8221; header_font=&#8221;Helvetica Neue lt std 73 bold extended|900||on|||||&#8221; header_text_align=&#8221;center&#8221; header_text_color=&#8221;#0B2152&#8243; body_font=&#8221;Lato|300|||||||&#8221; body_text_color=&#8221;rgba(0,0,0,0.91)&#8221; body_font_size=&#8221;17px&#8221; hover_enabled=&#8221;0&#8243; border_radii_image=&#8221;on|10px|10px|10px|10px&#8221; box_shadow_style_image=&#8221;preset3&#8243; sticky_enabled=&#8221;0&#8243;]<\/p>\n<p>Aspro est\u00e1 en el mercado del GNC hace m\u00e1s de 3 d\u00e9cadas, con m\u00e1s de 5500 de equipos vendidos en todo el mundo, haci\u00e9ndola la marca m\u00e1s experimentada para ofrecer repuestos de calidad.<\/p>\n<p>[\/et_pb_blurb][\/et_pb_column][\/et_pb_row][\/et_pb_section]<\/p>\n","protected":false},"excerpt":{"rendered":"<p>Los repuestos Aspro son fabricados 100% en Argentina y su planta cuenta con una gran capacidad de producci\u00f3n.Aspro cuenta con la certificaci\u00f3n ISO 9001:2015, garantizando las m\u00e1ximas exigencias de seguridad en la producci\u00f3n de cada repuesto original.Aspro est\u00e1 en el mercado del GNC hace m\u00e1s de 3 d\u00e9cadas, con m\u00e1s de 5500 de equipos vendidos [&hellip;]<\/p>\n","protected":false},"author":5,"featured_media":0,"parent":0,"menu_order":0,"comment_status":"closed","ping_status":"closed","template":"","meta":{"_acf_changed":false,"_et_pb_use_builder":"on","_et_pb_old_content":"","_et_gb_content_width":"","footnotes":""},"class_list":["post-1457","page","type-page","status-publish","hentry"],"acf":[],"yoast_head":"<!-- This site is optimized with the Yoast SEO Premium plugin v27.3 (Yoast SEO v27.3) - https:\/\/yoast.com\/product\/yoast-seo-premium-wordpress\/ -->\n<title>Repuestos Originales - Aspro Energy<\/title>\n<meta name=\"robots\" content=\"index, follow, max-snippet:-1, max-image-preview:large, max-video-preview:-1\" \/>\n<link rel=\"canonical\" href=\"https:\/\/www.aspro.com\/en\/original-replacement-parts\/\" \/>\n<meta property=\"og:locale\" content=\"en_GB\" \/>\n<meta property=\"og:type\" content=\"article\" \/>\n<meta property=\"og:title\" content=\"Repuestos Originales\" \/>\n<meta property=\"og:description\" content=\"Los repuestos Aspro son fabricados 100% en Argentina y su planta cuenta con una gran capacidad de producci\u00f3n.Aspro cuenta con la certificaci\u00f3n ISO 9001:2015, garantizando las m\u00e1ximas exigencias de seguridad en la producci\u00f3n de cada repuesto original.Aspro est\u00e1 en el mercado del GNC hace m\u00e1s de 3 d\u00e9cadas, con m\u00e1s de 5500 de equipos vendidos [&hellip;]\" \/>\n<meta property=\"og:url\" content=\"https:\/\/www.aspro.com\/en\/original-replacement-parts\/\" \/>\n<meta property=\"og:site_name\" content=\"Aspro Energy\" \/>\n<meta property=\"article:publisher\" content=\"https:\/\/www.facebook.com\/aspro.oficial\" \/>\n<meta property=\"article:modified_time\" content=\"2021-05-27T16:47:40+00:00\" \/>\n<meta name=\"twitter:card\" content=\"summary_large_image\" \/>\n<meta name=\"twitter:site\" content=\"@aspro_oficial\" \/>\n<meta name=\"twitter:label1\" content=\"Estimated reading time\" \/>\n\t<meta name=\"twitter:data1\" content=\"2 minutes\" \/>\n<script type=\"application\/ld+json\" class=\"yoast-schema-graph\">{\"@context\":\"https:\\\/\\\/schema.org\",\"@graph\":[{\"@type\":\"WebPage\",\"@id\":\"https:\\\/\\\/www.aspro.com\\\/repuestos-originales\\\/\",\"url\":\"https:\\\/\\\/www.aspro.com\\\/repuestos-originales\\\/\",\"name\":\"Repuestos Originales - Aspro Energy\",\"isPartOf\":{\"@id\":\"https:\\\/\\\/www.aspro.com\\\/#website\"},\"datePublished\":\"2021-03-29T21:56:22+00:00\",\"dateModified\":\"2021-05-27T16:47:40+00:00\",\"breadcrumb\":{\"@id\":\"https:\\\/\\\/www.aspro.com\\\/repuestos-originales\\\/#breadcrumb\"},\"inLanguage\":\"en-GB\",\"potentialAction\":[{\"@type\":\"ReadAction\",\"target\":[\"https:\\\/\\\/www.aspro.com\\\/repuestos-originales\\\/\"]}]},{\"@type\":\"BreadcrumbList\",\"@id\":\"https:\\\/\\\/www.aspro.com\\\/repuestos-originales\\\/#breadcrumb\",\"itemListElement\":[{\"@type\":\"ListItem\",\"position\":1,\"name\":\"Inicio\",\"item\":\"https:\\\/\\\/www.aspro.com\\\/\"},{\"@type\":\"ListItem\",\"position\":2,\"name\":\"Repuestos Originales\"}]},{\"@type\":\"WebSite\",\"@id\":\"https:\\\/\\\/www.aspro.com\\\/#website\",\"url\":\"https:\\\/\\\/www.aspro.com\\\/\",\"name\":\"Aspro Energy\",\"description\":\"Sistemas de Compresi\u00f3n\",\"potentialAction\":[{\"@type\":\"SearchAction\",\"target\":{\"@type\":\"EntryPoint\",\"urlTemplate\":\"https:\\\/\\\/www.aspro.com\\\/?s={search_term_string}\"},\"query-input\":{\"@type\":\"PropertyValueSpecification\",\"valueRequired\":true,\"valueName\":\"search_term_string\"}}],\"inLanguage\":\"en-GB\"}]}<\/script>\n<!-- \/ Yoast SEO Premium plugin. -->","yoast_head_json":{"title":"Original Spare Parts - Aspro Energy","robots":{"index":"index","follow":"follow","max-snippet":"max-snippet:-1","max-image-preview":"max-image-preview:large","max-video-preview":"max-video-preview:-1"},"canonical":"https:\/\/www.aspro.com\/en\/original-replacement-parts\/","og_locale":"en_GB","og_type":"article","og_title":"Repuestos Originales","og_description":"Los repuestos Aspro son fabricados 100% en Argentina y su planta cuenta con una gran capacidad de producci\u00f3n.Aspro cuenta con la certificaci\u00f3n ISO 9001:2015, garantizando las m\u00e1ximas exigencias de seguridad en la producci\u00f3n de cada repuesto original.Aspro est\u00e1 en el mercado del GNC hace m\u00e1s de 3 d\u00e9cadas, con m\u00e1s de 5500 de equipos vendidos [&hellip;]","og_url":"https:\/\/www.aspro.com\/en\/original-replacement-parts\/","og_site_name":"Aspro Energy","article_publisher":"https:\/\/www.facebook.com\/aspro.oficial","article_modified_time":"2021-05-27T16:47:40+00:00","twitter_card":"summary_large_image","twitter_site":"@aspro_oficial","twitter_misc":{"Estimated reading time":"2 minutes"},"schema":{"@context":"https:\/\/schema.org","@graph":[{"@type":"WebPage","@id":"https:\/\/www.aspro.com\/repuestos-originales\/","url":"https:\/\/www.aspro.com\/repuestos-originales\/","name":"Original Spare Parts - Aspro Energy","isPartOf":{"@id":"https:\/\/www.aspro.com\/#website"},"datePublished":"2021-03-29T21:56:22+00:00","dateModified":"2021-05-27T16:47:40+00:00","breadcrumb":{"@id":"https:\/\/www.aspro.com\/repuestos-originales\/#breadcrumb"},"inLanguage":"en-GB","potentialAction":[{"@type":"ReadAction","target":["https:\/\/www.aspro.com\/repuestos-originales\/"]}]},{"@type":"BreadcrumbList","@id":"https:\/\/www.aspro.com\/repuestos-originales\/#breadcrumb","itemListElement":[{"@type":"ListItem","position":1,"name":"Inicio","item":"https:\/\/www.aspro.com\/"},{"@type":"ListItem","position":2,"name":"Repuestos Originales"}]},{"@type":"WebSite","@id":"https:\/\/www.aspro.com\/#website","url":"https:\/\/www.aspro.com\/","name":"Aspro Energy","description":"Compression Systems","potentialAction":[{"@type":"SearchAction","target":{"@type":"EntryPoint","urlTemplate":"https:\/\/www.aspro.com\/?s={search_term_string}"},"query-input":{"@type":"PropertyValueSpecification","valueRequired":true,"valueName":"search_term_string"}}],"inLanguage":"en-GB"}]}},"_links":{"self":[{"href":"https:\/\/www.aspro.com\/en\/wp-json\/wp\/v2\/pages\/1457","targetHints":{"allow":["GET"]}}],"collection":[{"href":"https:\/\/www.aspro.com\/en\/wp-json\/wp\/v2\/pages"}],"about":[{"href":"https:\/\/www.aspro.com\/en\/wp-json\/wp\/v2\/types\/page"}],"author":[{"embeddable":true,"href":"https:\/\/www.aspro.com\/en\/wp-json\/wp\/v2\/users\/5"}],"replies":[{"embeddable":true,"href":"https:\/\/www.aspro.com\/en\/wp-json\/wp\/v2\/comments?post=1457"}],"version-history":[{"count":0,"href":"https:\/\/www.aspro.com\/en\/wp-json\/wp\/v2\/pages\/1457\/revisions"}],"wp:attachment":[{"href":"https:\/\/www.aspro.com\/en\/wp-json\/wp\/v2\/media?parent=1457"}],"curies":[{"name":"wp","href":"https:\/\/api.w.org\/{rel}","templated":true}]}}